{"id":3176,"date":"2025-02-16T17:46:45","date_gmt":"2025-02-16T16:46:45","guid":{"rendered":"https:\/\/allomouton.com\/mag\/?page_id=3176"},"modified":"2025-02-17T18:09:58","modified_gmt":"2025-02-17T17:09:58","slug":"telechargement-cahiers-du-ramadan","status":"publish","type":"page","link":"https:\/\/allomouton.com\/mag\/telechargement-cahiers-du-ramadan\/","title":{"rendered":"Telechargement Cahiers du Ramadan"},"content":{"rendered":"\t\t<div data-elementor-type=\"wp-page\" data-elementor-id=\"3176\" class=\"elementor elementor-3176\" data-elementor-post-type=\"page\">\n\t\t\t\t<div class=\"elementor-element elementor-element-794e552 e-flex e-con-boxed e-con e-parent\" data-id=\"794e552\" data-element_type=\"container\">\n\t\t\t\t\t<div class=\"e-con-inner\">\n\t\t\t\t<div class=\"elementor-element elementor-element-bb7a9cc elementor-widget elementor-widget-heading\" data-id=\"bb7a9cc\" data-element_type=\"widget\" data-widget_type=\"heading.default\">\n\t\t\t\t<div class=\"elementor-widget-container\">\n\t\t\t<h1 class=\"elementor-heading-title elementor-size-default\">T\u00e9l\u00e9charger gratuitement vos cahiers du ramadan<\/h1>\t\t<\/div>\n\t\t\t\t<\/div>\n\t\t\t\t<div class=\"elementor-element elementor-element-ef0e174 elementor-widget elementor-widget-heading\" data-id=\"ef0e174\" data-element_type=\"widget\" data-widget_type=\"heading.default\">\n\t\t\t\t<div class=\"elementor-widget-container\">\n\t\t\t<h2 class=\"elementor-heading-title elementor-size-default\">OFFERT PAR ALLO MOUTON<\/h2>\t\t<\/div>\n\t\t\t\t<\/div>\n\t\t\t\t\t<\/div>\n\t\t\t\t<\/div>\n\t\t<div class=\"elementor-element elementor-element-3ee108b e-grid e-con-boxed e-con e-parent\" data-id=\"3ee108b\" data-element_type=\"container\">\n\t\t\t\t\t<div class=\"e-con-inner\">\n\t\t<div class=\"elementor-element elementor-element-7f90df6 e-con-full e-flex e-con e-child\" data-id=\"7f90df6\" data-element_type=\"container\">\n\t\t\t\t<div class=\"elementor-element elementor-element-064dbc7 elementor-widget elementor-widget-image\" data-id=\"064dbc7\" data-element_type=\"widget\" data-widget_type=\"image.default\">\n\t\t\t\t<div class=\"elementor-widget-container\">\n\t\t\t\t\t\t\t\t\t\t\t\t\t<img fetchpriority=\"high\" decoding=\"async\" width=\"800\" height=\"800\" src=\"https:\/\/allomouton.com\/mag\/wp-content\/uploads\/2025\/02\/Carre11_Planner-1024x1024.png\" class=\"attachment-large size-large wp-image-3217\" alt=\"\" srcset=\"https:\/\/allomouton.com\/mag\/wp-content\/uploads\/2025\/02\/Carre11_Planner-1024x1024.png 1024w, https:\/\/allomouton.com\/mag\/wp-content\/uploads\/2025\/02\/Carre11_Planner-300x300.png 300w, https:\/\/allomouton.com\/mag\/wp-content\/uploads\/2025\/02\/Carre11_Planner-150x150.png 150w, https:\/\/allomouton.com\/mag\/wp-content\/uploads\/2025\/02\/Carre11_Planner-768x768.png 768w, https:\/\/allomouton.com\/mag\/wp-content\/uploads\/2025\/02\/Carre11_Planner.png 1350w\" sizes=\"(max-width: 800px) 100vw, 800px\" \/>\t\t\t\t\t\t\t\t\t\t\t\t\t<\/div>\n\t\t\t\t<\/div>\n\t\t\t\t<div class=\"elementor-element elementor-element-167cd82 elementor-widget elementor-widget-heading\" data-id=\"167cd82\" data-element_type=\"widget\" data-widget_type=\"heading.default\">\n\t\t\t\t<div class=\"elementor-widget-container\">\n\t\t\t<h2 class=\"elementor-heading-title elementor-size-default\">PLANNER RAMADAN ADO<\/h2>\t\t<\/div>\n\t\t\t\t<\/div>\n\t\t\t\t<div class=\"elementor-element elementor-element-523be4b elementor-align-center elementor-widget elementor-widget-button\" data-id=\"523be4b\" data-element_type=\"widget\" data-widget_type=\"button.default\">\n\t\t\t\t<div class=\"elementor-widget-container\">\n\t\t\t\t\t<div class=\"elementor-button-wrapper\">\n\t\t\t<a class=\"elementor-button elementor-button-link elementor-size-sm\" href=\"https:\/\/drive.google.com\/drive\/folders\/11BK0VF_qGHFydN8U2wjzu9r2K2pjrPko?usp=sharing\">\n\t\t\t\t\t\t<span class=\"elementor-button-content-wrapper\">\n\t\t\t\t\t\t\t\t\t<span class=\"elementor-button-text\">T\u00e9l\u00e9charger<\/span>\n\t\t\t\t\t<\/span>\n\t\t\t\t\t<\/a>\n\t\t<\/div>\n\t\t\t\t<\/div>\n\t\t\t\t<\/div>\n\t\t\t\t<\/div>\n\t\t<div class=\"elementor-element elementor-element-4f110ef e-con-full e-flex e-con e-child\" data-id=\"4f110ef\" data-element_type=\"container\">\n\t\t\t\t<div class=\"elementor-element elementor-element-43df4d7 elementor-widget elementor-widget-image\" data-id=\"43df4d7\" data-element_type=\"widget\" data-widget_type=\"image.default\">\n\t\t\t\t<div class=\"elementor-widget-container\">\n\t\t\t\t\t\t\t\t\t\t\t\t\t<img decoding=\"async\" width=\"800\" height=\"800\" src=\"https:\/\/allomouton.com\/mag\/wp-content\/uploads\/2025\/02\/Carre11_Cahier3ans-1024x1024.png\" class=\"attachment-large size-large wp-image-3208\" alt=\"\" srcset=\"https:\/\/allomouton.com\/mag\/wp-content\/uploads\/2025\/02\/Carre11_Cahier3ans-1024x1024.png 1024w, https:\/\/allomouton.com\/mag\/wp-content\/uploads\/2025\/02\/Carre11_Cahier3ans-300x300.png 300w, https:\/\/allomouton.com\/mag\/wp-content\/uploads\/2025\/02\/Carre11_Cahier3ans-150x150.png 150w, https:\/\/allomouton.com\/mag\/wp-content\/uploads\/2025\/02\/Carre11_Cahier3ans-768x768.png 768w, https:\/\/allomouton.com\/mag\/wp-content\/uploads\/2025\/02\/Carre11_Cahier3ans.png 1350w\" sizes=\"(max-width: 800px) 100vw, 800px\" \/>\t\t\t\t\t\t\t\t\t\t\t\t\t<\/div>\n\t\t\t\t<\/div>\n\t\t\t\t<div class=\"elementor-element elementor-element-74bc0af elementor-widget elementor-widget-heading\" data-id=\"74bc0af\" data-element_type=\"widget\" data-widget_type=\"heading.default\">\n\t\t\t\t<div class=\"elementor-widget-container\">\n\t\t\t<h2 class=\"elementor-heading-title elementor-size-default\">CAHIER POUR LES 3 \u00e0 6 ANS\u200b<\/h2>\t\t<\/div>\n\t\t\t\t<\/div>\n\t\t\t\t<div class=\"elementor-element elementor-element-aae50f3 elementor-align-center elementor-widget elementor-widget-button\" data-id=\"aae50f3\" data-element_type=\"widget\" data-widget_type=\"button.default\">\n\t\t\t\t<div class=\"elementor-widget-container\">\n\t\t\t\t\t<div class=\"elementor-button-wrapper\">\n\t\t\t<a class=\"elementor-button elementor-button-link elementor-size-sm\" href=\"https:\/\/drive.google.com\/drive\/folders\/11BK0VF_qGHFydN8U2wjzu9r2K2pjrPko?usp=sharing\">\n\t\t\t\t\t\t<span class=\"elementor-button-content-wrapper\">\n\t\t\t\t\t\t\t\t\t<span class=\"elementor-button-text\">T\u00e9l\u00e9charger<\/span>\n\t\t\t\t\t<\/span>\n\t\t\t\t\t<\/a>\n\t\t<\/div>\n\t\t\t\t<\/div>\n\t\t\t\t<\/div>\n\t\t\t\t<\/div>\n\t\t<div class=\"elementor-element elementor-element-2c4f5ba e-con-full e-flex e-con e-child\" data-id=\"2c4f5ba\" data-element_type=\"container\">\n\t\t\t\t<div class=\"elementor-element elementor-element-73c48b5 elementor-widget elementor-widget-image\" data-id=\"73c48b5\" data-element_type=\"widget\" data-widget_type=\"image.default\">\n\t\t\t\t<div class=\"elementor-widget-container\">\n\t\t\t\t\t\t\t\t\t\t\t\t\t<img decoding=\"async\" width=\"800\" height=\"800\" src=\"https:\/\/allomouton.com\/mag\/wp-content\/uploads\/2025\/02\/Carre11_Cahier7ans-1024x1024.png\" class=\"attachment-large size-large wp-image-3212\" alt=\"\" srcset=\"https:\/\/allomouton.com\/mag\/wp-content\/uploads\/2025\/02\/Carre11_Cahier7ans-1024x1024.png 1024w, https:\/\/allomouton.com\/mag\/wp-content\/uploads\/2025\/02\/Carre11_Cahier7ans-300x300.png 300w, https:\/\/allomouton.com\/mag\/wp-content\/uploads\/2025\/02\/Carre11_Cahier7ans-150x150.png 150w, https:\/\/allomouton.com\/mag\/wp-content\/uploads\/2025\/02\/Carre11_Cahier7ans-768x768.png 768w, https:\/\/allomouton.com\/mag\/wp-content\/uploads\/2025\/02\/Carre11_Cahier7ans.png 1350w\" sizes=\"(max-width: 800px) 100vw, 800px\" \/>\t\t\t\t\t\t\t\t\t\t\t\t\t<\/div>\n\t\t\t\t<\/div>\n\t\t\t\t<div class=\"elementor-element elementor-element-25ad34f elementor-widget elementor-widget-heading\" data-id=\"25ad34f\" data-element_type=\"widget\" data-widget_type=\"heading.default\">\n\t\t\t\t<div class=\"elementor-widget-container\">\n\t\t\t<h2 class=\"elementor-heading-title elementor-size-default\">CAHIER POUR LES 7 \u00e0 10 ANS\u200b<\/h2>\t\t<\/div>\n\t\t\t\t<\/div>\n\t\t\t\t<div class=\"elementor-element elementor-element-02b926a elementor-align-center elementor-widget elementor-widget-button\" data-id=\"02b926a\" data-element_type=\"widget\" data-widget_type=\"button.default\">\n\t\t\t\t<div class=\"elementor-widget-container\">\n\t\t\t\t\t<div class=\"elementor-button-wrapper\">\n\t\t\t<a class=\"elementor-button elementor-button-link elementor-size-sm\" href=\"https:\/\/drive.google.com\/drive\/folders\/11BK0VF_qGHFydN8U2wjzu9r2K2pjrPko?usp=sharing\">\n\t\t\t\t\t\t<span class=\"elementor-button-content-wrapper\">\n\t\t\t\t\t\t\t\t\t<span class=\"elementor-button-text\">T\u00e9l\u00e9charger<\/span>\n\t\t\t\t\t<\/span>\n\t\t\t\t\t<\/a>\n\t\t<\/div>\n\t\t\t\t<\/div>\n\t\t\t\t<\/div>\n\t\t\t\t<\/div>\n\t\t\t\t\t<\/div>\n\t\t\t\t<\/div>\n\t\t\t\t<\/div>\n\t\t","protected":false},"excerpt":{"rendered":"<p>T\u00e9l\u00e9charger gratuitement vos cahiers du ramadan OFFERT PAR ALLO MOUTON PLANNER RAMADAN ADO T\u00e9l\u00e9charger CAHIER POUR LES 3 \u00e0 6 ANS\u200b T\u00e9l\u00e9charger CAHIER POUR LES 7 \u00e0 10 ANS\u200b T\u00e9l\u00e9charger<\/p>\n","protected":false},"author":3,"featured_media":0,"parent":0,"menu_order":0,"comment_status":"closed","ping_status":"closed","template":"","meta":{"footnotes":""},"class_list":["post-3176","page","type-page","status-publish","hentry"],"yoast_head":"<!-- This site is optimized with the Yoast SEO plugin v26.3 - https:\/\/yoast.com\/wordpress\/plugins\/seo\/ -->\n<title>Telechargement Cahiers du Ramadan - Le Mag Par Allo-Mouton<\/title>\n<meta name=\"robots\" content=\"index, follow, max-snippet:-1, max-image-preview:large, max-video-preview:-1\" \/>\n<link rel=\"canonical\" href=\"https:\/\/allomouton.com\/mag\/telechargement-cahiers-du-ramadan\/\" \/>\n<meta property=\"og:locale\" content=\"fr_FR\" \/>\n<meta property=\"og:type\" content=\"article\" \/>\n<meta property=\"og:title\" content=\"Telechargement Cahiers du Ramadan - Le Mag Par Allo-Mouton\" \/>\n<meta property=\"og:description\" content=\"T\u00e9l\u00e9charger gratuitement vos cahiers du ramadan OFFERT PAR ALLO MOUTON PLANNER RAMADAN ADO T\u00e9l\u00e9charger CAHIER POUR LES 3 \u00e0 6 ANS\u200b T\u00e9l\u00e9charger CAHIER POUR LES 7 \u00e0 10 ANS\u200b T\u00e9l\u00e9charger\" \/>\n<meta property=\"og:url\" content=\"https:\/\/allomouton.com\/mag\/telechargement-cahiers-du-ramadan\/\" \/>\n<meta property=\"og:site_name\" content=\"Le Mag Par Allo-Mouton\" \/>\n<meta property=\"article:modified_time\" content=\"2025-02-17T17:09:58+00:00\" \/>\n<meta property=\"og:image\" content=\"https:\/\/allomouton.com\/mag\/wp-content\/uploads\/2025\/02\/Carre11_Planner-1024x1024.png\" \/>\n<meta name=\"twitter:card\" content=\"summary_large_image\" \/>\n<meta name=\"twitter:label1\" content=\"Dur\u00e9e de lecture estim\u00e9e\" \/>\n\t<meta name=\"twitter:data1\" content=\"1 minute\" \/>\n<script type=\"application\/ld+json\" class=\"yoast-schema-graph\">{\"@context\":\"https:\/\/schema.org\",\"@graph\":[{\"@type\":\"WebPage\",\"@id\":\"https:\/\/allomouton.com\/mag\/telechargement-cahiers-du-ramadan\/\",\"url\":\"https:\/\/allomouton.com\/mag\/telechargement-cahiers-du-ramadan\/\",\"name\":\"Telechargement Cahiers du Ramadan - Le Mag Par Allo-Mouton\",\"isPartOf\":{\"@id\":\"https:\/\/allomouton.com\/mag\/#website\"},\"primaryImageOfPage\":{\"@id\":\"https:\/\/allomouton.com\/mag\/telechargement-cahiers-du-ramadan\/#primaryimage\"},\"image\":{\"@id\":\"https:\/\/allomouton.com\/mag\/telechargement-cahiers-du-ramadan\/#primaryimage\"},\"thumbnailUrl\":\"https:\/\/allomouton.com\/mag\/wp-content\/uploads\/2025\/02\/Carre11_Planner-1024x1024.png\",\"datePublished\":\"2025-02-16T16:46:45+00:00\",\"dateModified\":\"2025-02-17T17:09:58+00:00\",\"breadcrumb\":{\"@id\":\"https:\/\/allomouton.com\/mag\/telechargement-cahiers-du-ramadan\/#breadcrumb\"},\"inLanguage\":\"fr-FR\",\"potentialAction\":[{\"@type\":\"ReadAction\",\"target\":[\"https:\/\/allomouton.com\/mag\/telechargement-cahiers-du-ramadan\/\"]}]},{\"@type\":\"ImageObject\",\"inLanguage\":\"fr-FR\",\"@id\":\"https:\/\/allomouton.com\/mag\/telechargement-cahiers-du-ramadan\/#primaryimage\",\"url\":\"https:\/\/allomouton.com\/mag\/wp-content\/uploads\/2025\/02\/Carre11_Planner.png\",\"contentUrl\":\"https:\/\/allomouton.com\/mag\/wp-content\/uploads\/2025\/02\/Carre11_Planner.png\",\"width\":1350,\"height\":1350},{\"@type\":\"BreadcrumbList\",\"@id\":\"https:\/\/allomouton.com\/mag\/telechargement-cahiers-du-ramadan\/#breadcrumb\",\"itemListElement\":[{\"@type\":\"ListItem\",\"position\":1,\"name\":\"Le Mag\",\"item\":\"https:\/\/allomouton.com\/mag\/\"},{\"@type\":\"ListItem\",\"position\":2,\"name\":\"Telechargement Cahiers du Ramadan\"}]},{\"@type\":\"WebSite\",\"@id\":\"https:\/\/allomouton.com\/mag\/#website\",\"url\":\"https:\/\/allomouton.com\/mag\/\",\"name\":\"Le Mag par Allo Mouton\",\"description\":\"\",\"publisher\":{\"@id\":\"https:\/\/allomouton.com\/mag\/#organization\"},\"potentialAction\":[{\"@type\":\"SearchAction\",\"target\":{\"@type\":\"EntryPoint\",\"urlTemplate\":\"https:\/\/allomouton.com\/mag\/?s={search_term_string}\"},\"query-input\":{\"@type\":\"PropertyValueSpecification\",\"valueRequired\":true,\"valueName\":\"search_term_string\"}}],\"inLanguage\":\"fr-FR\"},{\"@type\":\"Organization\",\"@id\":\"https:\/\/allomouton.com\/mag\/#organization\",\"name\":\"Le Mag par Allo Mouton\",\"url\":\"https:\/\/allomouton.com\/mag\/\",\"logo\":{\"@type\":\"ImageObject\",\"inLanguage\":\"fr-FR\",\"@id\":\"https:\/\/allomouton.com\/mag\/#\/schema\/logo\/image\/\",\"url\":\"https:\/\/allomouton.com\/mag\/wp-content\/uploads\/2025\/02\/Logo-AM-2025-Site.png\",\"contentUrl\":\"https:\/\/allomouton.com\/mag\/wp-content\/uploads\/2025\/02\/Logo-AM-2025-Site.png\",\"width\":251,\"height\":156,\"caption\":\"Le Mag par Allo Mouton\"},\"image\":{\"@id\":\"https:\/\/allomouton.com\/mag\/#\/schema\/logo\/image\/\"}}]}<\/script>\n<!-- \/ Yoast SEO plugin. -->","yoast_head_json":{"title":"Telechargement Cahiers du Ramadan - Le Mag Par Allo-Mouton","robots":{"index":"index","follow":"follow","max-snippet":"max-snippet:-1","max-image-preview":"max-image-preview:large","max-video-preview":"max-video-preview:-1"},"canonical":"https:\/\/allomouton.com\/mag\/telechargement-cahiers-du-ramadan\/","og_locale":"fr_FR","og_type":"article","og_title":"Telechargement Cahiers du Ramadan - Le Mag Par Allo-Mouton","og_description":"T\u00e9l\u00e9charger gratuitement vos cahiers du ramadan OFFERT PAR ALLO MOUTON PLANNER RAMADAN ADO T\u00e9l\u00e9charger CAHIER POUR LES 3 \u00e0 6 ANS\u200b T\u00e9l\u00e9charger CAHIER POUR LES 7 \u00e0 10 ANS\u200b T\u00e9l\u00e9charger","og_url":"https:\/\/allomouton.com\/mag\/telechargement-cahiers-du-ramadan\/","og_site_name":"Le Mag Par Allo-Mouton","article_modified_time":"2025-02-17T17:09:58+00:00","og_image":[{"url":"https:\/\/allomouton.com\/mag\/wp-content\/uploads\/2025\/02\/Carre11_Planner-1024x1024.png","type":"","width":"","height":""}],"twitter_card":"summary_large_image","twitter_misc":{"Dur\u00e9e de lecture estim\u00e9e":"1 minute"},"schema":{"@context":"https:\/\/schema.org","@graph":[{"@type":"WebPage","@id":"https:\/\/allomouton.com\/mag\/telechargement-cahiers-du-ramadan\/","url":"https:\/\/allomouton.com\/mag\/telechargement-cahiers-du-ramadan\/","name":"Telechargement Cahiers du Ramadan - Le Mag Par Allo-Mouton","isPartOf":{"@id":"https:\/\/allomouton.com\/mag\/#website"},"primaryImageOfPage":{"@id":"https:\/\/allomouton.com\/mag\/telechargement-cahiers-du-ramadan\/#primaryimage"},"image":{"@id":"https:\/\/allomouton.com\/mag\/telechargement-cahiers-du-ramadan\/#primaryimage"},"thumbnailUrl":"https:\/\/allomouton.com\/mag\/wp-content\/uploads\/2025\/02\/Carre11_Planner-1024x1024.png","datePublished":"2025-02-16T16:46:45+00:00","dateModified":"2025-02-17T17:09:58+00:00","breadcrumb":{"@id":"https:\/\/allomouton.com\/mag\/telechargement-cahiers-du-ramadan\/#breadcrumb"},"inLanguage":"fr-FR","potentialAction":[{"@type":"ReadAction","target":["https:\/\/allomouton.com\/mag\/telechargement-cahiers-du-ramadan\/"]}]},{"@type":"ImageObject","inLanguage":"fr-FR","@id":"https:\/\/allomouton.com\/mag\/telechargement-cahiers-du-ramadan\/#primaryimage","url":"https:\/\/allomouton.com\/mag\/wp-content\/uploads\/2025\/02\/Carre11_Planner.png","contentUrl":"https:\/\/allomouton.com\/mag\/wp-content\/uploads\/2025\/02\/Carre11_Planner.png","width":1350,"height":1350},{"@type":"BreadcrumbList","@id":"https:\/\/allomouton.com\/mag\/telechargement-cahiers-du-ramadan\/#breadcrumb","itemListElement":[{"@type":"ListItem","position":1,"name":"Le Mag","item":"https:\/\/allomouton.com\/mag\/"},{"@type":"ListItem","position":2,"name":"Telechargement Cahiers du Ramadan"}]},{"@type":"WebSite","@id":"https:\/\/allomouton.com\/mag\/#website","url":"https:\/\/allomouton.com\/mag\/","name":"Le Mag par Allo Mouton","description":"","publisher":{"@id":"https:\/\/allomouton.com\/mag\/#organization"},"potentialAction":[{"@type":"SearchAction","target":{"@type":"EntryPoint","urlTemplate":"https:\/\/allomouton.com\/mag\/?s={search_term_string}"},"query-input":{"@type":"PropertyValueSpecification","valueRequired":true,"valueName":"search_term_string"}}],"inLanguage":"fr-FR"},{"@type":"Organization","@id":"https:\/\/allomouton.com\/mag\/#organization","name":"Le Mag par Allo Mouton","url":"https:\/\/allomouton.com\/mag\/","logo":{"@type":"ImageObject","inLanguage":"fr-FR","@id":"https:\/\/allomouton.com\/mag\/#\/schema\/logo\/image\/","url":"https:\/\/allomouton.com\/mag\/wp-content\/uploads\/2025\/02\/Logo-AM-2025-Site.png","contentUrl":"https:\/\/allomouton.com\/mag\/wp-content\/uploads\/2025\/02\/Logo-AM-2025-Site.png","width":251,"height":156,"caption":"Le Mag par Allo Mouton"},"image":{"@id":"https:\/\/allomouton.com\/mag\/#\/schema\/logo\/image\/"}}]}},"_links":{"self":[{"href":"https:\/\/allomouton.com\/mag\/wp-json\/wp\/v2\/pages\/3176","targetHints":{"allow":["GET"]}}],"collection":[{"href":"https:\/\/allomouton.com\/mag\/wp-json\/wp\/v2\/pages"}],"about":[{"href":"https:\/\/allomouton.com\/mag\/wp-json\/wp\/v2\/types\/page"}],"author":[{"embeddable":true,"href":"https:\/\/allomouton.com\/mag\/wp-json\/wp\/v2\/users\/3"}],"replies":[{"embeddable":true,"href":"https:\/\/allomouton.com\/mag\/wp-json\/wp\/v2\/comments?post=3176"}],"version-history":[{"count":0,"href":"https:\/\/allomouton.com\/mag\/wp-json\/wp\/v2\/pages\/3176\/revisions"}],"wp:attachment":[{"href":"https:\/\/allomouton.com\/mag\/wp-json\/wp\/v2\/media?parent=3176"}],"curies":[{"name":"wp","href":"https:\/\/api.w.org\/{rel}","templated":true}]}}