{"id":6080,"date":"2026-04-15T13:18:15","date_gmt":"2026-04-15T11:18:15","guid":{"rendered":"https:\/\/allomouton.com\/mag\/?page_id=6080"},"modified":"2026-04-15T13:18:35","modified_gmt":"2026-04-15T11:18:35","slug":"abbo-cancel","status":"publish","type":"page","link":"https:\/\/allomouton.com\/mag\/abbo-cancel\/","title":{"rendered":"Abonnement annul\u00e9"},"content":{"rendered":"\t\t<div data-elementor-type=\"wp-page\" data-elementor-id=\"6080\" class=\"elementor elementor-6080\" data-elementor-post-type=\"page\">\n\t\t\t\t<div class=\"elementor-element elementor-element-dc934ca e-flex e-con-boxed e-con e-parent\" data-id=\"dc934ca\" data-element_type=\"container\">\n\t\t\t\t\t<div class=\"e-con-inner\">\n\t\t\t\t<div class=\"elementor-element elementor-element-29abfe4 elementor-widget elementor-widget-html\" data-id=\"29abfe4\" data-element_type=\"widget\" data-widget_type=\"html.default\">\n\t\t\t\t<div class=\"elementor-widget-container\">\n\t\t\t<div style=\"max-width:640px;margin:60px auto;padding:48px 32px;text-align:center;font-family:-apple-system,BlinkMacSystemFont,'Segoe UI',sans-serif;background:#ffffff;border-radius:16px;box-shadow:0 4px 24px rgba(1,75,79,0.08);\">\n  <div style=\"width:80px;height:80px;margin:0 auto 24px;background:#f4f4f4;border-radius:50%;display:flex;align-items:center;justify-content:center;\">\n    <svg width=\"40\" height=\"40\" viewBox=\"0 0 24 24\" fill=\"none\" stroke=\"#014b4f\" stroke-width=\"2.5\" stroke-linecap=\"round\" stroke-linejoin=\"round\"><circle cx=\"12\" cy=\"12\" r=\"10\"><\/circle><line x1=\"12\" y1=\"8\" x2=\"12\" y2=\"12\"><\/line><line x1=\"12\" y1=\"16\" x2=\"12.01\" y2=\"16\"><\/line><\/svg>\n  <\/div>\n  <h1 style=\"color:#014b4f;font-size:32px;margin:0 0 16px;font-weight:700;\">Abonnement non finalis\u00e9<\/h1>\n  <p style=\"color:#444;font-size:18px;line-height:1.6;margin:0 0 32px;\">\n    Votre paiement n'a pas \u00e9t\u00e9 effectu\u00e9 et aucun montant ne vous a \u00e9t\u00e9 pr\u00e9lev\u00e9.<br>\n    Vous pouvez r\u00e9essayer quand vous le souhaitez.\n  <\/p>\n  <div style=\"display:flex;gap:12px;justify-content:center;flex-wrap:wrap;\">\n    <a href=\"https:\/\/abbo-mouton.fr\/subscribe.php\" style=\"display:inline-block;padding:14px 32px;background:#a1ce35;color:#014b4f;text-decoration:none;border-radius:8px;font-weight:700;font-size:16px;\">R\u00e9essayer<\/a>\n    <a href=\"https:\/\/allomouton.com\/\" style=\"display:inline-block;padding:14px 32px;background:transparent;color:#014b4f;text-decoration:none;border-radius:8px;font-weight:600;font-size:16px;border:2px solid #014b4f;\">Retour \u00e0 l'accueil<\/a>\n  <\/div>\n<\/div>\n\t\t<\/div>\n\t\t\t\t<\/div>\n\t\t\t\t\t<\/div>\n\t\t\t\t<\/div>\n\t\t\t\t<\/div>\n\t\t","protected":false},"excerpt":{"rendered":"<p>Abonnement non finalis\u00e9 Votre paiement n&rsquo;a pas \u00e9t\u00e9 effectu\u00e9 et aucun montant ne vous a \u00e9t\u00e9 pr\u00e9lev\u00e9. Vous pouvez r\u00e9essayer quand vous le souhaitez. R\u00e9essayer Retour \u00e0 l&rsquo;accueil<\/p>\n","protected":false},"author":3,"featured_media":0,"parent":0,"menu_order":0,"comment_status":"closed","ping_status":"closed","template":"","meta":{"footnotes":""},"class_list":["post-6080","page","type-page","status-publish","hentry"],"yoast_head":"<!-- This site is optimized with the Yoast SEO plugin v26.3 - https:\/\/yoast.com\/wordpress\/plugins\/seo\/ -->\n<title>Abonnement annul\u00e9 - Le Mag Par Allo-Mouton<\/title>\n<meta name=\"robots\" content=\"index, follow, max-snippet:-1, max-image-preview:large, max-video-preview:-1\" \/>\n<link rel=\"canonical\" href=\"https:\/\/allomouton.com\/mag\/abbo-cancel\/\" \/>\n<meta property=\"og:locale\" content=\"fr_FR\" \/>\n<meta property=\"og:type\" content=\"article\" \/>\n<meta property=\"og:title\" content=\"Abonnement annul\u00e9 - Le Mag Par Allo-Mouton\" \/>\n<meta property=\"og:description\" content=\"Abonnement non finalis\u00e9 Votre paiement n&rsquo;a pas \u00e9t\u00e9 effectu\u00e9 et aucun montant ne vous a \u00e9t\u00e9 pr\u00e9lev\u00e9. Vous pouvez r\u00e9essayer quand vous le souhaitez. R\u00e9essayer Retour \u00e0 l&rsquo;accueil\" \/>\n<meta property=\"og:url\" content=\"https:\/\/allomouton.com\/mag\/abbo-cancel\/\" \/>\n<meta property=\"og:site_name\" content=\"Le Mag Par Allo-Mouton\" \/>\n<meta property=\"article:modified_time\" content=\"2026-04-15T11:18:35+00:00\" \/>\n<meta name=\"twitter:card\" content=\"summary_large_image\" \/>\n<meta name=\"twitter:label1\" content=\"Dur\u00e9e de lecture estim\u00e9e\" \/>\n\t<meta name=\"twitter:data1\" content=\"1 minute\" \/>\n<script type=\"application\/ld+json\" class=\"yoast-schema-graph\">{\"@context\":\"https:\/\/schema.org\",\"@graph\":[{\"@type\":\"WebPage\",\"@id\":\"https:\/\/allomouton.com\/mag\/abbo-cancel\/\",\"url\":\"https:\/\/allomouton.com\/mag\/abbo-cancel\/\",\"name\":\"Abonnement annul\u00e9 - Le Mag Par Allo-Mouton\",\"isPartOf\":{\"@id\":\"https:\/\/allomouton.com\/mag\/#website\"},\"datePublished\":\"2026-04-15T11:18:15+00:00\",\"dateModified\":\"2026-04-15T11:18:35+00:00\",\"breadcrumb\":{\"@id\":\"https:\/\/allomouton.com\/mag\/abbo-cancel\/#breadcrumb\"},\"inLanguage\":\"fr-FR\",\"potentialAction\":[{\"@type\":\"ReadAction\",\"target\":[\"https:\/\/allomouton.com\/mag\/abbo-cancel\/\"]}]},{\"@type\":\"BreadcrumbList\",\"@id\":\"https:\/\/allomouton.com\/mag\/abbo-cancel\/#breadcrumb\",\"itemListElement\":[{\"@type\":\"ListItem\",\"position\":1,\"name\":\"Le Mag\",\"item\":\"https:\/\/allomouton.com\/mag\/\"},{\"@type\":\"ListItem\",\"position\":2,\"name\":\"Abonnement annul\u00e9\"}]},{\"@type\":\"WebSite\",\"@id\":\"https:\/\/allomouton.com\/mag\/#website\",\"url\":\"https:\/\/allomouton.com\/mag\/\",\"name\":\"Le Mag par Allo Mouton\",\"description\":\"\",\"publisher\":{\"@id\":\"https:\/\/allomouton.com\/mag\/#organization\"},\"potentialAction\":[{\"@type\":\"SearchAction\",\"target\":{\"@type\":\"EntryPoint\",\"urlTemplate\":\"https:\/\/allomouton.com\/mag\/?s={search_term_string}\"},\"query-input\":{\"@type\":\"PropertyValueSpecification\",\"valueRequired\":true,\"valueName\":\"search_term_string\"}}],\"inLanguage\":\"fr-FR\"},{\"@type\":\"Organization\",\"@id\":\"https:\/\/allomouton.com\/mag\/#organization\",\"name\":\"Le Mag par Allo Mouton\",\"url\":\"https:\/\/allomouton.com\/mag\/\",\"logo\":{\"@type\":\"ImageObject\",\"inLanguage\":\"fr-FR\",\"@id\":\"https:\/\/allomouton.com\/mag\/#\/schema\/logo\/image\/\",\"url\":\"https:\/\/allomouton.com\/mag\/wp-content\/uploads\/2025\/02\/Logo-AM-2025-Site.png\",\"contentUrl\":\"https:\/\/allomouton.com\/mag\/wp-content\/uploads\/2025\/02\/Logo-AM-2025-Site.png\",\"width\":251,\"height\":156,\"caption\":\"Le Mag par Allo Mouton\"},\"image\":{\"@id\":\"https:\/\/allomouton.com\/mag\/#\/schema\/logo\/image\/\"}}]}<\/script>\n<!-- \/ Yoast SEO plugin. -->","yoast_head_json":{"title":"Abonnement annul\u00e9 - Le Mag Par Allo-Mouton","robots":{"index":"index","follow":"follow","max-snippet":"max-snippet:-1","max-image-preview":"max-image-preview:large","max-video-preview":"max-video-preview:-1"},"canonical":"https:\/\/allomouton.com\/mag\/abbo-cancel\/","og_locale":"fr_FR","og_type":"article","og_title":"Abonnement annul\u00e9 - Le Mag Par Allo-Mouton","og_description":"Abonnement non finalis\u00e9 Votre paiement n&rsquo;a pas \u00e9t\u00e9 effectu\u00e9 et aucun montant ne vous a \u00e9t\u00e9 pr\u00e9lev\u00e9. Vous pouvez r\u00e9essayer quand vous le souhaitez. R\u00e9essayer Retour \u00e0 l&rsquo;accueil","og_url":"https:\/\/allomouton.com\/mag\/abbo-cancel\/","og_site_name":"Le Mag Par Allo-Mouton","article_modified_time":"2026-04-15T11:18:35+00:00","twitter_card":"summary_large_image","twitter_misc":{"Dur\u00e9e de lecture estim\u00e9e":"1 minute"},"schema":{"@context":"https:\/\/schema.org","@graph":[{"@type":"WebPage","@id":"https:\/\/allomouton.com\/mag\/abbo-cancel\/","url":"https:\/\/allomouton.com\/mag\/abbo-cancel\/","name":"Abonnement annul\u00e9 - Le Mag Par Allo-Mouton","isPartOf":{"@id":"https:\/\/allomouton.com\/mag\/#website"},"datePublished":"2026-04-15T11:18:15+00:00","dateModified":"2026-04-15T11:18:35+00:00","breadcrumb":{"@id":"https:\/\/allomouton.com\/mag\/abbo-cancel\/#breadcrumb"},"inLanguage":"fr-FR","potentialAction":[{"@type":"ReadAction","target":["https:\/\/allomouton.com\/mag\/abbo-cancel\/"]}]},{"@type":"BreadcrumbList","@id":"https:\/\/allomouton.com\/mag\/abbo-cancel\/#breadcrumb","itemListElement":[{"@type":"ListItem","position":1,"name":"Le Mag","item":"https:\/\/allomouton.com\/mag\/"},{"@type":"ListItem","position":2,"name":"Abonnement annul\u00e9"}]},{"@type":"WebSite","@id":"https:\/\/allomouton.com\/mag\/#website","url":"https:\/\/allomouton.com\/mag\/","name":"Le Mag par Allo Mouton","description":"","publisher":{"@id":"https:\/\/allomouton.com\/mag\/#organization"},"potentialAction":[{"@type":"SearchAction","target":{"@type":"EntryPoint","urlTemplate":"https:\/\/allomouton.com\/mag\/?s={search_term_string}"},"query-input":{"@type":"PropertyValueSpecification","valueRequired":true,"valueName":"search_term_string"}}],"inLanguage":"fr-FR"},{"@type":"Organization","@id":"https:\/\/allomouton.com\/mag\/#organization","name":"Le Mag par Allo Mouton","url":"https:\/\/allomouton.com\/mag\/","logo":{"@type":"ImageObject","inLanguage":"fr-FR","@id":"https:\/\/allomouton.com\/mag\/#\/schema\/logo\/image\/","url":"https:\/\/allomouton.com\/mag\/wp-content\/uploads\/2025\/02\/Logo-AM-2025-Site.png","contentUrl":"https:\/\/allomouton.com\/mag\/wp-content\/uploads\/2025\/02\/Logo-AM-2025-Site.png","width":251,"height":156,"caption":"Le Mag par Allo Mouton"},"image":{"@id":"https:\/\/allomouton.com\/mag\/#\/schema\/logo\/image\/"}}]}},"_links":{"self":[{"href":"https:\/\/allomouton.com\/mag\/wp-json\/wp\/v2\/pages\/6080","targetHints":{"allow":["GET"]}}],"collection":[{"href":"https:\/\/allomouton.com\/mag\/wp-json\/wp\/v2\/pages"}],"about":[{"href":"https:\/\/allomouton.com\/mag\/wp-json\/wp\/v2\/types\/page"}],"author":[{"embeddable":true,"href":"https:\/\/allomouton.com\/mag\/wp-json\/wp\/v2\/users\/3"}],"replies":[{"embeddable":true,"href":"https:\/\/allomouton.com\/mag\/wp-json\/wp\/v2\/comments?post=6080"}],"version-history":[{"count":4,"href":"https:\/\/allomouton.com\/mag\/wp-json\/wp\/v2\/pages\/6080\/revisions"}],"predecessor-version":[{"id":6084,"href":"https:\/\/allomouton.com\/mag\/wp-json\/wp\/v2\/pages\/6080\/revisions\/6084"}],"wp:attachment":[{"href":"https:\/\/allomouton.com\/mag\/wp-json\/wp\/v2\/media?parent=6080"}],"curies":[{"name":"wp","href":"https:\/\/api.w.org\/{rel}","templated":true}]}}